{"id":1098,"date":"2022-08-03T12:37:00","date_gmt":"2022-08-03T15:37:00","guid":{"rendered":"https:\/\/semanadetecnologia.com.br\/?page_id=1098"},"modified":"2022-08-08T10:40:14","modified_gmt":"2022-08-08T13:40:14","slug":"assessoria","status":"publish","type":"page","link":"https:\/\/semanadetecnologia.com.br\/28semana\/assessoria\/","title":{"rendered":"Assessoria"},"content":{"rendered":"\t\t<div data-elementor-type=\"wp-page\" data-elementor-id=\"1098\" class=\"elementor elementor-1098\">\n\t\t\t\t\t\t\t\t\t<section class=\"elementor-section elementor-top-section elementor-element elementor-element-57f83fb elementor-section-boxed elementor-section-height-default elementor-section-height-default\" data-id=\"57f83fb\" data-element_type=\"section\">\n\t\t\t\t\t\t<div class=\"elementor-container elementor-column-gap-default\">\n\t\t\t\t\t<div class=\"elementor-column elementor-col-100 elementor-top-column elementor-element elementor-element-50b0768\" data-id=\"50b0768\" data-element_type=\"column\">\n\t\t\t<div class=\"elementor-widget-wrap elementor-element-populated\">\n\t\t\t\t\t\t\t\t<div class=\"elementor-element elementor-element-d27531a elementor-widget elementor-widget-heading\" data-id=\"d27531a\" data-element_type=\"widget\" data-widget_type=\"heading.default\">\n\t\t\t\t<div class=\"elementor-widget-container\">\n\t\t\t<style>\/*! elementor - v3.6.3 - 12-04-2022 *\/\n.elementor-heading-title{padding:0;margin:0;line-height:1}.elementor-widget-heading .elementor-heading-title[class*=elementor-size-]>a{color:inherit;font-size:inherit;line-height:inherit}.elementor-widget-heading .elementor-heading-title.elementor-size-small{font-size:15px}.elementor-widget-heading .elementor-heading-title.elementor-size-medium{font-size:19px}.elementor-widget-heading .elementor-heading-title.elementor-size-large{font-size:29px}.elementor-widget-heading .elementor-heading-title.elementor-size-xl{font-size:39px}.elementor-widget-heading .elementor-heading-title.elementor-size-xxl{font-size:59px}<\/style><h2 class=\"elementor-heading-title elementor-size-default\">ASSESSORIA DE IMPRENSA<br>\nOFICIAL DA STMF: Ag\u00eancia AllMoving\n<\/h2>\t\t<\/div>\n\t\t\t\t<\/div>\n\t\t\t\t\t<\/div>\n\t\t<\/div>\n\t\t\t\t\t\t\t<\/div>\n\t\t<\/section>\n\t\t\t\t<section class=\"elementor-section elementor-top-section elementor-element elementor-element-2b74908 elementor-section-boxed elementor-section-height-default elementor-section-height-default\" data-id=\"2b74908\" data-element_type=\"section\">\n\t\t\t\t\t\t<div class=\"elementor-container elementor-column-gap-default\">\n\t\t\t\t\t<div class=\"elementor-column elementor-col-100 elementor-top-column elementor-element elementor-element-1c5a7a6\" data-id=\"1c5a7a6\" data-element_type=\"column\">\n\t\t\t<div class=\"elementor-widget-wrap elementor-element-populated\">\n\t\t\t\t\t\t\t\t<div class=\"elementor-element elementor-element-2641da1 elementor-widget elementor-widget-spacer\" data-id=\"2641da1\" data-element_type=\"widget\" data-widget_type=\"spacer.default\">\n\t\t\t\t<div class=\"elementor-widget-container\">\n\t\t\t<style>\/*! elementor - v3.6.3 - 12-04-2022 *\/\n.e-container.e-container--row .elementor-spacer-inner{width:var(--spacer-size)}.e-container.e-container--column .elementor-spacer-inner,.elementor-column .elementor-spacer-inner{height:var(--spacer-size)}<\/style>\t\t<div class=\"elementor-spacer\">\n\t\t\t<div class=\"elementor-spacer-inner\"><\/div>\n\t\t<\/div>\n\t\t\t\t<\/div>\n\t\t\t\t<\/div>\n\t\t\t\t<div class=\"elementor-element elementor-element-0bfd408 elementor-widget elementor-widget-heading\" data-id=\"0bfd408\" data-element_type=\"widget\" data-widget_type=\"heading.default\">\n\t\t\t\t<div class=\"elementor-widget-container\">\n\t\t\t<h2 class=\"elementor-heading-title elementor-size-default\">Atendimento \u00e0 Imprensa:<\/h2>\t\t<\/div>\n\t\t\t\t<\/div>\n\t\t\t\t<div class=\"elementor-element elementor-element-30b6500 elementor-widget elementor-widget-heading\" data-id=\"30b6500\" data-element_type=\"widget\" data-widget_type=\"heading.default\">\n\t\t\t\t<div class=\"elementor-widget-container\">\n\t\t\t<p class=\"elementor-heading-title elementor-size-default\">Para  informa\u00e7\u00f5es e solicita\u00e7\u00f5es sobre a 28\u00aa Semana de Tecnologia Metroferrov\u00e1ria (STMF) <br>favor encaminhar e-mail para: <b>press@allmoving.net<\/b>\n<\/p>\t\t<\/div>\n\t\t\t\t<\/div>\n\t\t\t\t<div class=\"elementor-element elementor-element-3232295 elementor-widget elementor-widget-spacer\" data-id=\"3232295\" data-element_type=\"widget\" data-widget_type=\"spacer.default\">\n\t\t\t\t<div class=\"elementor-widget-container\">\n\t\t\t\t\t<div class=\"elementor-spacer\">\n\t\t\t<div class=\"elementor-spacer-inner\"><\/div>\n\t\t<\/div>\n\t\t\t\t<\/div>\n\t\t\t\t<\/div>\n\t\t\t\t<div class=\"elementor-element elementor-element-7f57a9e elementor-widget elementor-widget-text-editor\" data-id=\"7f57a9e\" data-element_type=\"widget\" data-widget_type=\"text-editor.default\">\n\t\t\t\t<div class=\"elementor-widget-container\">\n\t\t\t<style>\/*! elementor - v3.6.3 - 12-04-2022 *\/\n.elementor-widget-text-editor.elementor-drop-cap-view-stacked .elementor-drop-cap{background-color:#818a91;color:#fff}.elementor-widget-text-editor.elementor-drop-cap-view-framed .elementor-drop-cap{color:#818a91;border:3px solid;background-color:transparent}.elementor-widget-text-editor:not(.elementor-drop-cap-view-default) .elementor-drop-cap{margin-top:8px}.elementor-widget-text-editor:not(.elementor-drop-cap-view-default) .elementor-drop-cap-letter{width:1em;height:1em}.elementor-widget-text-editor .elementor-drop-cap{float:left;text-align:center;line-height:1;font-size:50px}.elementor-widget-text-editor .elementor-drop-cap-letter{display:inline-block}<\/style>\t\t\t\t<p>Para acompanhamento e cobertura da 28\u00aa Semana de Tecnologia Metroferrovi\u00e1ria (STMF), todos os profissionais de imprensa dever\u00e3o realizar o credenciamento antecipadamente.<\/p>\t\t\t\t\t\t<\/div>\n\t\t\t\t<\/div>\n\t\t\t\t<div class=\"elementor-element elementor-element-45c8f0b elementor-widget elementor-widget-text-editor\" data-id=\"45c8f0b\" data-element_type=\"widget\" data-widget_type=\"text-editor.default\">\n\t\t\t\t<div class=\"elementor-widget-container\">\n\t\t\t\t\t\t\t<p><strong>Para solicitar o credenciamento de imprensa, por favor, envie um e-mail para press@allmoving.net<\/strong><strong>.<\/strong><\/p>\t\t\t\t\t\t<\/div>\n\t\t\t\t<\/div>\n\t\t\t\t<div class=\"elementor-element elementor-element-2ae9587 elementor-widget elementor-widget-spacer\" data-id=\"2ae9587\" data-element_type=\"widget\" data-widget_type=\"spacer.default\">\n\t\t\t\t<div class=\"elementor-widget-container\">\n\t\t\t\t\t<div class=\"elementor-spacer\">\n\t\t\t<div class=\"elementor-spacer-inner\"><\/div>\n\t\t<\/div>\n\t\t\t\t<\/div>\n\t\t\t\t<\/div>\n\t\t\t\t\t<\/div>\n\t\t<\/div>\n\t\t\t\t\t\t\t<\/div>\n\t\t<\/section>\n\t\t\t\t\t\t\t<\/div>\n\t\t","protected":false},"excerpt":{"rendered":"<p>ASSESSORIA DE IMPRENSA OFICIAL DA STMF: Ag\u00eancia AllMoving Atendimento \u00e0 Imprensa: Para informa\u00e7\u00f5es e solicita\u00e7\u00f5es sobre a 28\u00aa Semana de Tecnologia Metroferrov\u00e1ria (STMF) favor encaminhar e-mail para: press@allmoving.net Para acompanhamento e cobertura da 28\u00aa Semana de Tecnologia Metroferrovi\u00e1ria (STMF), todos os profissionais de imprensa dever\u00e3o realizar o credenciamento antecipadamente. Para solicitar o credenciamento de imprensa,&hellip; <a class=\"more-link\" href=\"https:\/\/semanadetecnologia.com.br\/28semana\/assessoria\/\">Continuar lendo <span class=\"screen-reader-text\">Assessoria<\/span><\/a><\/p>\n","protected":false},"author":1,"featured_media":0,"parent":0,"menu_order":0,"comment_status":"closed","ping_status":"closed","template":"elementor_header_footer","meta":[],"_links":{"self":[{"href":"https:\/\/semanadetecnologia.com.br\/28semana\/wp-json\/wp\/v2\/pages\/1098"}],"collection":[{"href":"https:\/\/semanadetecnologia.com.br\/28semana\/wp-json\/wp\/v2\/pages"}],"about":[{"href":"https:\/\/semanadetecnologia.com.br\/28semana\/wp-json\/wp\/v2\/types\/page"}],"author":[{"embeddable":true,"href":"https:\/\/semanadetecnologia.com.br\/28semana\/wp-json\/wp\/v2\/users\/1"}],"replies":[{"embeddable":true,"href":"https:\/\/semanadetecnologia.com.br\/28semana\/wp-json\/wp\/v2\/comments?post=1098"}],"version-history":[{"count":22,"href":"https:\/\/semanadetecnologia.com.br\/28semana\/wp-json\/wp\/v2\/pages\/1098\/revisions"}],"predecessor-version":[{"id":1151,"href":"https:\/\/semanadetecnologia.com.br\/28semana\/wp-json\/wp\/v2\/pages\/1098\/revisions\/1151"}],"wp:attachment":[{"href":"https:\/\/semanadetecnologia.com.br\/28semana\/wp-json\/wp\/v2\/media?parent=1098"}],"curies":[{"name":"wp","href":"https:\/\/api.w.org\/{rel}","templated":true}]}}