{"id":224,"date":"2021-08-02T09:55:25","date_gmt":"2021-08-02T12:55:25","guid":{"rendered":"https:\/\/semanadetecnologia.com.br\/27semana\/?page_id=224"},"modified":"2021-08-03T10:21:51","modified_gmt":"2021-08-03T13:21:51","slug":"politica-de-privacidade","status":"publish","type":"page","link":"https:\/\/semanadetecnologia.com.br\/27semana\/politica-de-privacidade\/","title":{"rendered":"Pol\u00edtica de Privacidade"},"content":{"rendered":"\t\t<div data-elementor-type=\"wp-page\" data-elementor-id=\"224\" class=\"elementor elementor-224\">\n\t\t\t\t\t\t<section class=\"elementor-section elementor-top-section elementor-element elementor-element-463910c elementor-section-boxed elementor-section-height-default elementor-section-height-default\" data-id=\"463910c\" data-element_type=\"section\" data-e-type=\"section\">\n\t\t\t\t\t\t<div class=\"elementor-container elementor-column-gap-default\">\n\t\t\t\t\t<div class=\"elementor-column elementor-col-100 elementor-top-column elementor-element elementor-element-5d0a0d3\" data-id=\"5d0a0d3\" data-element_type=\"column\" data-e-type=\"column\">\n\t\t\t<div class=\"elementor-widget-wrap elementor-element-populated\">\n\t\t\t\t\t\t<div class=\"elementor-element elementor-element-1750561 elementor-widget elementor-widget-spacer\" data-id=\"1750561\" data-element_type=\"widget\" data-e-type=\"widget\" data-widget_type=\"spacer.default\">\n\t\t\t\t<div class=\"elementor-widget-container\">\n\t\t\t\t\t\t\t<div class=\"elementor-spacer\">\n\t\t\t<div class=\"elementor-spacer-inner\"><\/div>\n\t\t<\/div>\n\t\t\t\t\t\t<\/div>\n\t\t\t\t<\/div>\n\t\t\t\t<div class=\"elementor-element elementor-element-c7904f1 elementor-widget elementor-widget-heading\" data-id=\"c7904f1\" data-element_type=\"widget\" data-e-type=\"widget\" data-widget_type=\"heading.default\">\n\t\t\t\t<div class=\"elementor-widget-container\">\n\t\t\t\t\t<h2 class=\"elementor-heading-title elementor-size-default\">Pol\u00edtica de Privacidade<\/h2>\t\t\t\t<\/div>\n\t\t\t\t<\/div>\n\t\t\t\t\t<\/div>\n\t\t<\/div>\n\t\t\t\t\t<\/div>\n\t\t<\/section>\n\t\t\t\t<section class=\"elementor-section elementor-top-section elementor-element elementor-element-599bac4 elementor-section-boxed elementor-section-height-default elementor-section-height-default\" data-id=\"599bac4\" data-element_type=\"section\" data-e-type=\"section\">\n\t\t\t\t\t\t<div class=\"elementor-container elementor-column-gap-default\">\n\t\t\t\t\t<div class=\"elementor-column elementor-col-100 elementor-top-column elementor-element elementor-element-d3a9827\" data-id=\"d3a9827\" data-element_type=\"column\" data-e-type=\"column\">\n\t\t\t<div class=\"elementor-widget-wrap elementor-element-populated\">\n\t\t\t\t\t\t<div class=\"elementor-element elementor-element-165ffc1 elementor-widget elementor-widget-text-editor\" data-id=\"165ffc1\" data-element_type=\"widget\" data-e-type=\"widget\" data-widget_type=\"text-editor.default\">\n\t\t\t\t<div class=\"elementor-widget-container\">\n\t\t\t\t\t\t\t\t\t<p><em>AEAMESP <\/em>valoriza a privacidade de seus usu\u00e1rios e criou esta Pol\u00edtica de Privacidade para demonstrar seu compromisso em proteger a sua privacidade e seus dados pessoais, nos termos da Lei Geral de Prote\u00e7\u00e3o de Dados e demais leis sobre o tema, bem como descrever de que forma sua privacidade \u00e9 protegida pela <em>AEAMESP <\/em>ao coletar, tratar e armazenar suas informa\u00e7\u00f5es pessoais.<\/p>\t\t\t\t\t\t\t\t<\/div>\n\t\t\t\t<\/div>\n\t\t\t\t<div class=\"elementor-element elementor-element-8136077 elementor-widget elementor-widget-heading\" data-id=\"8136077\" data-element_type=\"widget\" data-e-type=\"widget\" data-widget_type=\"heading.default\">\n\t\t\t\t<div class=\"elementor-widget-container\">\n\t\t\t\t\t<h2 class=\"elementor-heading-title elementor-size-default\">COLETA E USOS DE INFORMA\u00c7\u00d5ES PESSOAIS<\/h2>\t\t\t\t<\/div>\n\t\t\t\t<\/div>\n\t\t\t\t<div class=\"elementor-element elementor-element-f323805 elementor-widget elementor-widget-text-editor\" data-id=\"f323805\" data-element_type=\"widget\" data-e-type=\"widget\" data-widget_type=\"text-editor.default\">\n\t\t\t\t<div class=\"elementor-widget-container\">\n\t\t\t\t\t\t\t\t\t<p>O participante est\u00e1 ciente de que fornece informa\u00e7\u00f5es de forma consciente e volunt\u00e1ria por meio de formul\u00e1rio de inscri\u00e7\u00e3o, ou por meio dos sites operados pela <em>AEAMESP<\/em>.<\/p><p>Quando o participante realiza o cadastro e\/ou preenche formul\u00e1rios oferecidos pela <em>AEAMESP<\/em>, inclusive nos sites por ela operados, determinados Dados Pessoais solicitados ser\u00e3o mantidos em sigilo e ser\u00e3o utilizadas apenas para o prop\u00f3sito que motivou o cadastro e contatos para divulga\u00e7\u00e3o de materiais e informa\u00e7\u00f5es associadas.<\/p>\t\t\t\t\t\t\t\t<\/div>\n\t\t\t\t<\/div>\n\t\t\t\t<div class=\"elementor-element elementor-element-e699ad8 elementor-widget elementor-widget-heading\" data-id=\"e699ad8\" data-element_type=\"widget\" data-e-type=\"widget\" data-widget_type=\"heading.default\">\n\t\t\t\t<div class=\"elementor-widget-container\">\n\t\t\t\t\t<h2 class=\"elementor-heading-title elementor-size-default\">COMPARTILHAMENTO E TRATAMENTO DE INFORMA\u00c7\u00d5ES PESSOAIS<\/h2>\t\t\t\t<\/div>\n\t\t\t\t<\/div>\n\t\t\t\t<div class=\"elementor-element elementor-element-90e992d elementor-widget elementor-widget-text-editor\" data-id=\"90e992d\" data-element_type=\"widget\" data-e-type=\"widget\" data-widget_type=\"text-editor.default\">\n\t\t\t\t<div class=\"elementor-widget-container\">\n\t\t\t\t\t\t\t\t\t<p><em>AEAMESP <\/em>n\u00e3o disponibilizar\u00e1 Dados Pessoais coletados em seus sites para corretores de lista de e-mail sem seu expresso consentimento.<\/p><p><em>AEAMESP \u00a0<\/em>poder\u00e1 divulgar os Dados Pessoais coletados a terceiros, nas seguintes situa\u00e7\u00f5es e nos limites exigidos e autorizados pela Lei:<\/p><ol><li>Com os seus expositores e apoiadores quando necess\u00e1rio e\/ou apropriado \u00e0 presta\u00e7\u00e3o de servi\u00e7os relacionados;<\/li><li>Com as empresas e indiv\u00edduos contratados para a execu\u00e7\u00e3o de determinadas atividades e servi\u00e7os em nome da <em>AEAMESP<\/em>;<\/li><\/ol><p>III. Com fornecedores e parceiros para consecu\u00e7\u00e3o dos servi\u00e7os contratados com a <em>AEAMESP <\/em>(como tecnologia da informa\u00e7\u00e3o, gest\u00e3o, contabilidade, entre outros);<\/p><ol><li>Para prop\u00f3sitos administrativos como: pesquisa, planejamento, desenvolvimento de servi\u00e7os, seguran\u00e7a e gerenciamento de risco.<\/li><li>Quando necess\u00e1rio em decorr\u00eancia de obriga\u00e7\u00e3o legal, determina\u00e7\u00e3o de autoridade competente, ou decis\u00e3o judicial.<\/li><\/ol><p>Nas hip\u00f3teses de compartilhamento de Dados Pessoais com terceiros, todos os sujeitos mencionados nos itens I a III dever\u00e3o utilizar os Dados Pessoais partilhados de maneira consistente e de acordo com os prop\u00f3sitos para os quais foram coletados (ou com os quais o Usu\u00e1rio consentiu previamente) e de acordo com o que foi determinado por esta Pol\u00edtica de Privacidade, outras declara\u00e7\u00f5es de privacidade de website ou pa\u00edses, e todas as leis de privacidade e prote\u00e7\u00e3o de dados aplic\u00e1veis.<\/p>\t\t\t\t\t\t\t\t<\/div>\n\t\t\t\t<\/div>\n\t\t\t\t<div class=\"elementor-element elementor-element-d73e24b elementor-widget elementor-widget-heading\" data-id=\"d73e24b\" data-element_type=\"widget\" data-e-type=\"widget\" data-widget_type=\"heading.default\">\n\t\t\t\t<div class=\"elementor-widget-container\">\n\t\t\t\t\t<h2 class=\"elementor-heading-title elementor-size-default\">MOTIVOS LEGAIS PARA A DIVULGA\u00c7\u00c3O DE SEUS DADOS<\/h2>\t\t\t\t<\/div>\n\t\t\t\t<\/div>\n\t\t\t\t<div class=\"elementor-element elementor-element-fa511d5 elementor-widget elementor-widget-text-editor\" data-id=\"fa511d5\" data-element_type=\"widget\" data-e-type=\"widget\" data-widget_type=\"text-editor.default\">\n\t\t\t\t<div class=\"elementor-widget-container\">\n\t\t\t\t\t\t\t\t\t<p>Em certas circunst\u00e2ncias, a <em>AEAMESP <\/em>poder\u00e1 divulgar Dados Pessoais, na medida necess\u00e1ria ou apropriada, para \u00f3rg\u00e3os governamentais, consultores e outros terceiros com o objetivo de cumprir com a legisla\u00e7\u00e3o aplic\u00e1vel ou com uma ordem ou intima\u00e7\u00e3o judicial ou, ainda, se a <em>AEAMESP <\/em>acreditar de boa-f\u00e9 que tal a\u00e7\u00e3o seja necess\u00e1ria para:<\/p><ol><li>Cumprir com uma legisla\u00e7\u00e3o que exija tal divulga\u00e7\u00e3o;<\/li><li>Investigar, impedir ou tomar medidas relacionadas a atividades ilegais suspeitas ou reais ou para cooperar com \u00f3rg\u00e3os p\u00fablicos ou para proteger a seguran\u00e7a nacional;<\/li><\/ol><p>III. Execu\u00e7\u00e3o de seus contratos;<\/p><ol><li>Investigar e se defender contra quaisquer reivindica\u00e7\u00f5es ou alega\u00e7\u00f5es de terceiros;<\/li><li>Proteger a seguran\u00e7a ou a integridade dos servi\u00e7os (por exemplo, o compartilhamento com empresas que est\u00e3o sofrendo amea\u00e7as semelhantes);<\/li><li>Exercer ou proteger os direitos, a propriedade e a seguran\u00e7a da <em>AEAMESP <\/em>e suas empresas coligadas;<\/li><\/ol><p>VII. Proteger os direitos e a seguran\u00e7a pessoal de seus funcion\u00e1rios, usu\u00e1rios ou do p\u00fablico;<\/p><p>VIII. Em caso de venda, compra, fus\u00e3o, reorganiza\u00e7\u00e3o, liquida\u00e7\u00e3o ou dissolu\u00e7\u00e3o da <em>AEAMESP <\/em><\/p><p>A <em>AEAMESP<\/em> cientificar\u00e1 os respectivos Usu\u00e1rios sobre eventuais demandas legais que resultem na divulga\u00e7\u00e3o de informa\u00e7\u00f5es pessoais, nos termos do que foi exposto no item 4, a menos que tal cientifica\u00e7\u00e3o seja vedada por lei ou proibida por mandado judicial ou, ainda, se a requisi\u00e7\u00e3o for emergencial. A <em>AEAMESP<\/em> poder\u00e1 contestar essas demandas se julgar que as solicita\u00e7\u00f5es s\u00e3o excessivas, vagas ou feitas por autoridades incompetentes.<\/p>\t\t\t\t\t\t\t\t<\/div>\n\t\t\t\t<\/div>\n\t\t\t\t<div class=\"elementor-element elementor-element-601faa5 elementor-widget elementor-widget-heading\" data-id=\"601faa5\" data-element_type=\"widget\" data-e-type=\"widget\" data-widget_type=\"heading.default\">\n\t\t\t\t<div class=\"elementor-widget-container\">\n\t\t\t\t\t<h2 class=\"elementor-heading-title elementor-size-default\">SEGURAN\u00c7A DE INFORMA\u00c7\u00d5ES PESSOAIS<\/h2>\t\t\t\t<\/div>\n\t\t\t\t<\/div>\n\t\t\t\t<div class=\"elementor-element elementor-element-c417abb elementor-widget elementor-widget-text-editor\" data-id=\"c417abb\" data-element_type=\"widget\" data-e-type=\"widget\" data-widget_type=\"text-editor.default\">\n\t\t\t\t<div class=\"elementor-widget-container\">\n\t\t\t\t\t\t\t\t\t<p>Todas os Dados Pessoais ser\u00e3o guardados na base de dados da <em>AEAMESP<\/em> ou em base de dados mantidas \u201cna nuvem\u201d pelos fornecedores de servi\u00e7os contratados pelo <em>AEAMESP<\/em>, os quais est\u00e3o devidamente de acordo com a legisla\u00e7\u00e3o de dados vigente.<\/p><p>A <em>AEAMESP<\/em> e seus fornecedores utilizam v\u00e1rios procedimentos de seguran\u00e7a para proteger a confidencialidade, seguran\u00e7a e integridade de seus Dados Pessoais, prevenindo a ocorr\u00eancia de eventuais danos em virtude do tratamento desses dados.<\/p><p>Embora a <em>AEAMESP<\/em> utilize medidas de seguran\u00e7a e monitore seu sistema para verificar vulnerabilidades e ataques para proteger seus Dados Pessoais contra divulga\u00e7\u00e3o n\u00e3o autorizada, mau uso ou altera\u00e7\u00e3o, o Usu\u00e1rio entende e concorda que n\u00e3o h\u00e1 garantias de que as informa\u00e7\u00f5es n\u00e3o poder\u00e3o ser acessadas, divulgadas, alteradas ou destru\u00eddas por viola\u00e7\u00e3o de qualquer uma das prote\u00e7\u00f5es f\u00edsicas, t\u00e9cnicas ou administrativas.<\/p>\t\t\t\t\t\t\t\t<\/div>\n\t\t\t\t<\/div>\n\t\t\t\t<div class=\"elementor-element elementor-element-083dcd0 elementor-widget elementor-widget-heading\" data-id=\"083dcd0\" data-element_type=\"widget\" data-e-type=\"widget\" data-widget_type=\"heading.default\">\n\t\t\t\t<div class=\"elementor-widget-container\">\n\t\t\t\t\t<h2 class=\"elementor-heading-title elementor-size-default\">RETEN\u00c7\u00c3O DE DADOS<\/h2>\t\t\t\t<\/div>\n\t\t\t\t<\/div>\n\t\t\t\t<div class=\"elementor-element elementor-element-79fecd9 elementor-widget elementor-widget-text-editor\" data-id=\"79fecd9\" data-element_type=\"widget\" data-e-type=\"widget\" data-widget_type=\"text-editor.default\">\n\t\t\t\t<div class=\"elementor-widget-container\">\n\t\t\t\t\t\t\t\t\t<p>A <em>AEAMESP<\/em> ret\u00e9m todos os dados fornecidos, inclusive os Dados Pessoais, enquanto o cadastro do Usu\u00e1rio estiver ativo e conforme seja necess\u00e1rio para consecu\u00e7\u00e3o dos seus servi\u00e7os.<\/p><p>A <em>AEAMESP<\/em> reter\u00e1 seus Dados Pessoais e manter\u00e1 seus dados armazenados at\u00e9 eventual requerimento de exclus\u00e3o.<\/p><p>A <em>AEAMESP <\/em>poder\u00e1 vir a manter seus Dados Pessoais ap\u00f3s receber seu pedido de exclus\u00e3o, caso seja necess\u00e1rio para cumprimento de obriga\u00e7\u00f5es legais, resolver disputas, manter a seguran\u00e7a, evitar fraudes e abuso e garantir o cumprimento de contratos.<\/p>\t\t\t\t\t\t\t\t<\/div>\n\t\t\t\t<\/div>\n\t\t\t\t<div class=\"elementor-element elementor-element-04a92d9 elementor-widget elementor-widget-heading\" data-id=\"04a92d9\" data-element_type=\"widget\" data-e-type=\"widget\" data-widget_type=\"heading.default\">\n\t\t\t\t<div class=\"elementor-widget-container\">\n\t\t\t\t\t<h2 class=\"elementor-heading-title elementor-size-default\">BASES LEGAIS PARA PROCESSAMENTO<\/h2>\t\t\t\t<\/div>\n\t\t\t\t<\/div>\n\t\t\t\t<div class=\"elementor-element elementor-element-490af02 elementor-widget elementor-widget-text-editor\" data-id=\"490af02\" data-element_type=\"widget\" data-e-type=\"widget\" data-widget_type=\"text-editor.default\">\n\t\t\t\t<div class=\"elementor-widget-container\">\n\t\t\t\t\t\t\t\t\t<p>A <em>AEAMESP <\/em>apenas trata Dados Pessoais em situa\u00e7\u00f5es em que est\u00e1 autorizada legalmente ou mediante seu expresso e inequ\u00edvoco consentimento do Usu\u00e1rio.<\/p><p>Conforme descrito na presente Pol\u00edtica, a <em>AEAMESP <\/em>tem bases legais para coletar, produzir, receptar, classificar, utilizar, acessar, reproduzir, transmitir, distribuir, processar, arquivar, armazenar, eliminar, avaliar ou controlar a informa\u00e7\u00e3o, modificar, comunicar, transferir, difundir ou extrair dados sobre o Usu\u00e1rio.<\/p><p>As bases legais incluem seu consentimento (colhido de forma expressa e inequ\u00edvoca no Termo de Consentimento), contratos e procedimentos preliminares contratuais (em que o processamento \u00e9 necess\u00e1rio para firmar o contrato com o Usu\u00e1rio) e interesses leg\u00edtimos, desde que tal processamento n\u00e3o viole seus direitos e liberdades, conforme se pode verificar na Tabela de Finalidades.<\/p><p>Tais interesses incluem proteger o Usu\u00e1rio e a <em>AEAMESP<\/em> de amea\u00e7as, cumprir a legisla\u00e7\u00e3o aplic\u00e1vel, o exerc\u00edcio regular de direitos em processo judicial, administrativo ou arbitral, habilitar a realiza\u00e7\u00e3o ou administra\u00e7\u00e3o dos neg\u00f3cios, incluindo controle de qualidade, relat\u00f3rios e servi\u00e7os oferecidos, gerenciar transa\u00e7\u00f5es empresariais, entender e melhorar os neg\u00f3cios e relacionamentos com os clientes e permitir que os usu\u00e1rios encontrem oportunidades econ\u00f4micas.<\/p><p>O Usu\u00e1rio tem o direito de negar ou retirar o consentimento fornecido a <em>AEAMESP<\/em>, quando esta for a base legal para tratamento dos dados pessoais, podendo a <em>AEAMESP<\/em> encerrar a consecu\u00e7\u00e3o de seus servi\u00e7os para este usu\u00e1rio na hip\u00f3tese de ocorr\u00eancia de tal solicita\u00e7\u00e3o.<\/p><p>Caso tenha d\u00favidas sobre as bases legais para coleta, tratamento e armazenamento de seus dados pessoais, entre em contato com a <em>AEAMESP <\/em>por meio do e-mail eventos@aeamesp.org.br<\/p>\t\t\t\t\t\t\t\t<\/div>\n\t\t\t\t<\/div>\n\t\t\t\t\t<\/div>\n\t\t<\/div>\n\t\t\t\t\t<\/div>\n\t\t<\/section>\n\t\t\t\t<\/div>\n\t\t","protected":false},"excerpt":{"rendered":"<p>Pol\u00edtica de Privacidade AEAMESP valoriza a privacidade de seus usu\u00e1rios e criou esta Pol\u00edtica de Privacidade para demonstrar seu compromisso em proteger a sua privacidade e seus dados pessoais, nos termos da Lei Geral de Prote\u00e7\u00e3o de Dados e demais leis sobre o tema, bem como descrever de que forma sua privacidade \u00e9 protegida pela&hellip; <a class=\"more-link\" href=\"https:\/\/semanadetecnologia.com.br\/27semana\/politica-de-privacidade\/\">Continuar lendo <span class=\"screen-reader-text\">Pol\u00edtica de Privacidade<\/span><\/a><\/p>\n","protected":false},"author":1,"featured_media":0,"parent":0,"menu_order":0,"comment_status":"closed","ping_status":"closed","template":"elementor_header_footer","meta":{"footnotes":""},"class_list":["post-224","page","type-page","status-publish","hentry","entry"],"_links":{"self":[{"href":"https:\/\/semanadetecnologia.com.br\/27semana\/wp-json\/wp\/v2\/pages\/224","targetHints":{"allow":["GET"]}}],"collection":[{"href":"https:\/\/semanadetecnologia.com.br\/27semana\/wp-json\/wp\/v2\/pages"}],"about":[{"href":"https:\/\/semanadetecnologia.com.br\/27semana\/wp-json\/wp\/v2\/types\/page"}],"author":[{"embeddable":true,"href":"https:\/\/semanadetecnologia.com.br\/27semana\/wp-json\/wp\/v2\/users\/1"}],"replies":[{"embeddable":true,"href":"https:\/\/semanadetecnologia.com.br\/27semana\/wp-json\/wp\/v2\/comments?post=224"}],"version-history":[{"count":10,"href":"https:\/\/semanadetecnologia.com.br\/27semana\/wp-json\/wp\/v2\/pages\/224\/revisions"}],"predecessor-version":[{"id":252,"href":"https:\/\/semanadetecnologia.com.br\/27semana\/wp-json\/wp\/v2\/pages\/224\/revisions\/252"}],"wp:attachment":[{"href":"https:\/\/semanadetecnologia.com.br\/27semana\/wp-json\/wp\/v2\/media?parent=224"}],"curies":[{"name":"wp","href":"https:\/\/api.w.org\/{rel}","templated":true}]}}